{"id":194,"date":"2021-05-17T19:54:31","date_gmt":"2021-05-17T17:54:31","guid":{"rendered":"https:\/\/www.visitvarmland.com\/torsby\/?page_id=194"},"modified":"2026-03-30T11:12:44","modified_gmt":"2026-03-30T09:12:44","slug":"exempelsida-2","status":"publish","type":"page","link":"https:\/\/www.visitvarmland.com\/torsby\/","title":{"rendered":"Startsida"},"content":{"rendered":"\n\n\n<blockquote class=\"wp-block-quote is-layout-flow wp-block-quote-is-layout-flow\">\n<p>\u201dTorsby \u00e4r en p\u00e4rla som v\u00e4ntar p\u00e5 att uppt\u00e4ckas, en plats d\u00e4r den or\u00f6rda naturen bjuder in till uppt\u00e4cktsf\u00e4rd och \u00e4ventyr f\u00f6r hela familjen.\u201d<\/p>\n<\/blockquote>\n\n\n\n<div class=\"wp-block-atheme-component-cta atheme-wrapper--full\"><div class=\"atheme-components-cta--decoration-right\"><\/div><div class=\"atheme-components-cta--decoration-left\"><\/div><div class=\"atheme-components-cta\" style=\"height:600px;min-height:300px;background-image:url( https:\/\/www.visitvarmland.com\/torsby\/wp-content\/uploads\/sites\/18\/2024\/07\/NORR_2500.jpg );background-size:cover;background-position:center center;background-repeat:no-repeat;background-attachment:scroll\"><div class=\"atheme-components-cta--overlay\" style=\"opacity:0\"> <\/div><div class=\"atheme-components-cta--text\"><div><a href=\"https:\/\/www.visitvarmland.com\/torsby\/tips-och-guider\/vandra-i-torsby\/\" target=\"_self\" rel=\"noopener\"><h3>Vandra i Norra V\u00e4rmland<\/h3><p>Fr\u00e5n lummiga skogar och klara sj\u00f6ar till historiska platser och spektakul\u00e4ra utsikter.<\/p><div class=\"atheme-components-cta--text-border\"><\/div><\/a><\/div><\/div><\/div><\/div>\n\n\n\n<div class=\"wp-block-atheme-component-cta atheme-wrapper--full\"><div class=\"atheme-components-cta--decoration-right\"><\/div><div class=\"atheme-components-cta--decoration-left\"><\/div><div class=\"atheme-components-cta\" style=\"height:600px;min-height:300px;background-image:url( https:\/\/www.visitvarmland.com\/app\/uploads\/sites\/18\/2024\/07\/finnskogen-2500.jpg );background-size:cover;background-position:center center;background-repeat:no-repeat;background-attachment:scroll\"><div class=\"atheme-components-cta--overlay\" style=\"opacity:0\"> <\/div><div class=\"atheme-components-cta--text\"><div><a href=\"https:\/\/www.visitvarmland.com\/torsby\/tips-och-guider\/finnskogen\/\" target=\"_self\" rel=\"noopener\"><h3>Mystiken i Finnskogen<\/h3><p>M\u00f6t mystiken, trollkonster och ett kulturarv som str\u00e4cker sig tillbaka till 1600-talets finska invandring.<\/p><div class=\"atheme-components-cta--text-border\"><\/div><\/a><\/div><\/div><\/div><\/div>\n\n\n\n<div class=\"wp-block-atheme-component-cta atheme-wrapper\"><div class=\"atheme-components-cta--decoration-right\"><\/div><div class=\"atheme-components-cta--decoration-left\"><\/div><div class=\"atheme-components-cta\" style=\"height:600px;min-height:300px;background-image:url( https:\/\/www.visitvarmland.com\/torsby\/wp-content\/uploads\/sites\/18\/2024\/07\/varyra-2500.jpg );background-size:cover;background-position:center center;background-repeat:no-repeat;background-attachment:scroll\"><div class=\"atheme-components-cta--overlay\" style=\"opacity:0\"> <\/div><div class=\"atheme-components-cta--text\"><div><a href=\"https:\/\/www.visitvarmland.com\/torsby\/evenemang\" target=\"_self\" rel=\"noopener\"><h3>Hitta p\u00e5 n\u00e5got?<\/h3><p>H\u00e4r finns evenemang f\u00f6r alla, spana in v\u00e5r kalender!<\/p><div class=\"atheme-components-cta--text-border\"><\/div><\/a><\/div><\/div><\/div><\/div>\n\n\n\n<div class=\"wp-block-group atheme-wrapper--full\"><div class=\"wp-block-group__inner-container is-layout-flow wp-block-group-is-layout-flow\">\n<div class=\"wp-block-columns is-layout-flex wp-container-core-columns-is-layout-9d6595d7 wp-block-columns-is-layout-flex\">\n<div class=\"wp-block-column is-layout-flow wp-block-column-is-layout-flow\">\n<div class=\"wp-block-atheme-component-cta atheme-wrapper\"><div class=\"atheme-components-cta--decoration-right\"><\/div><div class=\"atheme-components-cta--decoration-left\"><\/div><div class=\"atheme-components-cta\" style=\"height:600px;min-height:300px;background-image:url( https:\/\/www.visitvarmland.com\/torsby\/wp-content\/uploads\/sites\/18\/2025\/03\/Finnskogen-Rodgen-Foto-Hanne-Marit-Tobiassen-Web-med-logga2-scaled.jpg );background-size:cover;background-position:center center;background-repeat:no-repeat;background-attachment:scroll\"><div class=\"atheme-components-cta--overlay\" style=\"opacity:0\"> <\/div><div class=\"atheme-components-cta--text\"><div><a href=\"https:\/\/www.visitvarmland.com\/torsby\/tips-och-guider\/i-granslandet\/\" target=\"_self\" rel=\"noopener\"><h3>I gr\u00e4nslandet<\/h3><p>Upplev unika boenden, naturupplevelser, lokalproducerad mat och kultur p\u00e5 kryss och tv\u00e4rs \u00f6ver gr\u00e4nsen.<\/p><div class=\"atheme-components-cta--text-border\"><\/div><\/a><\/div><\/div><\/div><\/div>\n<\/div>\n\n\n\n<div class=\"wp-block-column is-layout-flow wp-block-column-is-layout-flow\">\n<div class=\"wp-block-atheme-component-cta atheme-wrapper\"><div class=\"atheme-components-cta--decoration-right\"><\/div><div class=\"atheme-components-cta--decoration-left\"><\/div><div class=\"atheme-components-cta\" style=\"height:600px;min-height:300px;background-image:url( https:\/\/www.visitvarmland.com\/torsby\/wp-content\/uploads\/sites\/18\/2024\/07\/Vitsands_hembygdsgard_EP0A8459.jpg );background-size:cover;background-position:center center;background-repeat:no-repeat;background-attachment:scroll\"><div class=\"atheme-components-cta--overlay\" style=\"opacity:0\"> <\/div><div class=\"atheme-components-cta--text\"><div><a href=\"https:\/\/www.visitvarmland.com\/torsby\/tips-och-guider\/hembygdsgardar-norra-varmland\/\" target=\"_self\" rel=\"noopener\"><h3><a href=\"https:\/\/www.visitvarmland.com\/torsby\/tips-och-guider\/hembygdsgardar-norra-varmland\/\" target=\"_self\" rel=\"noopener\"><\/a><a href=\"https:\/\/www.visitvarmland.com\/torsby\/tips-och-guider\/hembygdsgardar-norra-varmland\/\" target=\"_self\" rel=\"noopener\"><\/a><a href=\"https:\/\/www.visitvarmland.com\/torsby\/tips-och-guider\/hembygdsgardar-norra-varmland\/\">Hembygdsg\u00e5rdar i Norra V\u00e4rmland<\/a><\/h3><p><a href=\"https:\/\/www.visitvarmland.com\/torsby\/tips-och-guider\/hembygdsgardar-norra-varmland\/\">Utforska Torsbys sj\u00e4l genom v\u00e5ra hembygdsg\u00e5rdar \u2013 d\u00e4r historien m\u00f6ter nutiden.<\/a><\/p><div class=\"atheme-components-cta--text-border\"><\/div><\/a><\/div><\/div><\/div><\/div>\n<\/div>\n\n\n\n<div class=\"wp-block-column is-layout-flow wp-block-column-is-layout-flow\">\n<div class=\"wp-block-atheme-component-cta atheme-wrapper\"><div class=\"atheme-components-cta--decoration-right\"><\/div><div class=\"atheme-components-cta--decoration-left\"><\/div><div class=\"atheme-components-cta\" style=\"height:600px;min-height:300px;background-image:url( https:\/\/www.visitvarmland.com\/torsby\/wp-content\/uploads\/sites\/18\/2024\/07\/DSC_8322-1.jpg );background-size:cover;background-position:center center;background-repeat:no-repeat;background-attachment:scroll\"><div class=\"atheme-components-cta--overlay\" style=\"opacity:0\"> <\/div><div class=\"atheme-components-cta--text\"><div><a href=\"https:\/\/www.visitvarmland.com\/torsby\/tips-och-guider\/barnens-torsby\/\" target=\"_self\" rel=\"noopener\"><h3>Barnens Torsby<\/h3><p>Uppt\u00e4ck sommarens \u00e4ventyr f\u00f6r hela familjen!<\/p><div class=\"atheme-components-cta--text-border\"><\/div><\/a><\/div><\/div><\/div><\/div>\n<\/div>\n<\/div>\n\n\n\n<div class=\"wp-block-columns is-layout-flex wp-container-core-columns-is-layout-9d6595d7 wp-block-columns-is-layout-flex\">\n<div class=\"wp-block-column is-layout-flow wp-block-column-is-layout-flow\">\n<div class=\"wp-block-atheme-component-cta atheme-wrapper\"><div class=\"atheme-components-cta--decoration-right\"><\/div><div class=\"atheme-components-cta--decoration-left\"><\/div><div class=\"atheme-components-cta\" style=\"height:600px;min-height:300px;background-image:url( https:\/\/www.visitvarmland.com\/torsby\/wp-content\/uploads\/sites\/18\/2024\/07\/355671144_750532513743756_3860590513775661917_n.jpg );background-size:cover;background-position:center center;background-repeat:no-repeat;background-attachment:scroll\"><div class=\"atheme-components-cta--overlay\" style=\"opacity:0\"> <\/div><div class=\"atheme-components-cta--text\"><div><a href=\"https:\/\/www.visitvarmland.com\/torsby\/tips-och-guider\/mat-och-fika\/\" target=\"_self\" rel=\"noopener\"><h3>Mat och fika<\/h3><p>Njut av en avslappnad fika p\u00e5 lokala caf\u00e9er, smaka p\u00e5 v\u00e4llagade r\u00e4tter eller unna dig en l\u00e4cker pizza.<\/p><div class=\"atheme-components-cta--text-border\"><\/div><\/a><\/div><\/div><\/div><\/div>\n<\/div>\n\n\n\n<div class=\"wp-block-column is-layout-flow wp-block-column-is-layout-flow\">\n<div class=\"wp-block-atheme-component-cta atheme-wrapper\"><div class=\"atheme-components-cta--decoration-right\"><\/div><div class=\"atheme-components-cta--decoration-left\"><\/div><div class=\"atheme-components-cta\" style=\"height:600px;min-height:300px;background-image:url( https:\/\/www.visitvarmland.com\/torsby\/wp-content\/uploads\/sites\/18\/2021\/06\/Branas2-2500.jpg );background-size:cover;background-position:center center;background-repeat:no-repeat;background-attachment:scroll\"><div class=\"atheme-components-cta--overlay\" style=\"opacity:0\"> <\/div><div class=\"atheme-components-cta--text\"><div><a href=\"https:\/\/www.naturkartan.se\/sv\/torsby\" target=\"_blank\" rel=\"noopener\"><h3>Navigera dig fram<\/h3><p>P\u00e5 Naturkartan.se finns alla v\u00e5ra leder f\u00f6r cykel, mountainbike och vandring. <\/p><div class=\"atheme-components-cta--text-border\"><\/div><\/a><\/div><\/div><\/div><\/div>\n<\/div>\n\n\n\n<div class=\"wp-block-column is-layout-flow wp-block-column-is-layout-flow\">\n<div class=\"wp-block-atheme-component-cta atheme-wrapper\"><div class=\"atheme-components-cta--decoration-right\"><\/div><div class=\"atheme-components-cta--decoration-left\"><\/div><div class=\"atheme-components-cta\" style=\"height:600px;min-height:300px;background-image:url( https:\/\/www.visitvarmland.com\/torsby\/wp-content\/uploads\/sites\/18\/2021\/06\/sup-jorgen-2500.jpg );background-size:cover;background-position:center center;background-repeat:no-repeat;background-attachment:scroll\"><div class=\"atheme-components-cta--overlay\" style=\"opacity:0\"> <\/div><div class=\"atheme-components-cta--text\"><div><a href=\"https:\/\/www.visitvarmland.com\/torsby\/tips-och-guider\/pa-storslaget-vatten\/\" target=\"_self\" rel=\"noopener\"><h3>P\u00e5 storslaget vatten<\/h3><p>Upplev v\u00e5r vackra natur genom att paddla rakt in i den.<\/p><div class=\"atheme-components-cta--text-border\"><\/div><\/a><\/div><\/div><\/div><\/div>\n<\/div>\n<\/div>\n\n\n\n<div class=\"wp-block-columns is-layout-flex wp-container-core-columns-is-layout-9d6595d7 wp-block-columns-is-layout-flex\">\n<div class=\"wp-block-column is-layout-flow wp-block-column-is-layout-flow\">\n<div class=\"wp-block-atheme-component-cta atheme-wrapper\"><div class=\"atheme-components-cta--decoration-right\"><\/div><div class=\"atheme-components-cta--decoration-left\"><\/div><div class=\"atheme-components-cta\" style=\"height:600px;min-height:300px;background-image:url( https:\/\/www.visitvarmland.com\/torsby\/wp-content\/uploads\/sites\/18\/2024\/02\/Branas-IMG_0524-scaled.jpg );background-size:cover;background-position:center center;background-repeat:no-repeat;background-attachment:scroll\"><div class=\"atheme-components-cta--overlay\" style=\"opacity:0\"> <\/div><div class=\"atheme-components-cta--text\"><div><a href=\"https:\/\/www.visitvarmland.com\/torsby\/tips-och-guider\/cykla-i-torsby\/\" target=\"_self\" rel=\"noopener\"><h3>Ett paradis f\u00f6r cyklisten<\/h3><p>Utforska norra V\u00e4rmlands milsvida skogar p\u00e5 cykel.<\/p><div class=\"atheme-components-cta--text-border\"><\/div><\/a><\/div><\/div><\/div><\/div>\n<\/div>\n\n\n\n<div class=\"wp-block-column is-layout-flow wp-block-column-is-layout-flow\">\n<div class=\"wp-block-atheme-component-cta atheme-wrapper\"><div class=\"atheme-components-cta--decoration-right\"><\/div><div class=\"atheme-components-cta--decoration-left\"><\/div><div class=\"atheme-components-cta\" style=\"height:600px;min-height:300px;background-image:url( https:\/\/www.visitvarmland.com\/app\/uploads\/sites\/18\/2024\/02\/Langberget-Narnia-01-NY-Roger-Borgelid-small.jpg );background-size:cover;background-position:center center;background-repeat:no-repeat;background-attachment:scroll\"><div class=\"atheme-components-cta--overlay\" style=\"opacity:0\"> <\/div><div class=\"atheme-components-cta--text\"><div><a href=\"https:\/\/www.visitvarmland.com\/torsby\/tips-och-guider\/skidakning-i-torsby\/\" target=\"_self\" rel=\"noopener\"><h3>Vinter i Torsby<\/h3><p>H\u00e4r hittar du v\u00e4lpreparerade l\u00e4ngdskidsp\u00e5r, sn\u00f6s\u00e4kra slalombackar och fantastisk vinternatur.<\/p><div class=\"atheme-components-cta--text-border\"><\/div><\/a><\/div><\/div><\/div><\/div>\n<\/div>\n\n\n\n<div class=\"wp-block-column is-layout-flow wp-block-column-is-layout-flow\">\n<div class=\"wp-block-atheme-component-cta atheme-wrapper\"><div class=\"atheme-components-cta--decoration-right\"><\/div><div class=\"atheme-components-cta--decoration-left\"><\/div><div class=\"atheme-components-cta\" style=\"height:600px;min-height:300px;background-image:url( https:\/\/www.visitvarmland.com\/torsby\/wp-content\/uploads\/sites\/18\/2021\/06\/Vildmark1.jpg );background-size:cover;background-position:center center;background-repeat:no-repeat;background-attachment:scroll\"><div class=\"atheme-components-cta--overlay\" style=\"opacity:0\"> <\/div><div class=\"atheme-components-cta--text\"><div><a href=\"https:\/\/www.visitvarmland.com\/torsby\/tips-och-guider\/paketresor\/\" target=\"_self\" rel=\"noopener\"><h3>Paketerat och klart<\/h3><p><a href=\"https:\/\/www.visitvarmland.com\/torsby\/tips-och-guider\/paketresor\/\" target=\"_self\" rel=\"noopener\"><\/a><a href=\"https:\/\/www.visitvarmland.com\/torsby\/tips-och-guider\/paketresor\/\" target=\"_self\" rel=\"noopener\"><\/a><a href=\"https:\/\/www.visitvarmland.com\/torsby\/tips-och-guider\/paketresor\/\">M\u00e5ngsidiga paketresor fr\u00e5n aktiva vandringspaket till mer kulturella och seniorv\u00e4nliga erbjudanden &#8211; det finns n\u00e5got f\u00f6r alla.<\/a><\/p><div class=\"atheme-components-cta--text-border\"><\/div><\/a><\/div><\/div><\/div><\/div>\n<\/div>\n<\/div>\n<\/div><\/div>\n","protected":false},"excerpt":{"rendered":"<p>\u201dTorsby \u00e4r en p\u00e4rla som v\u00e4ntar p\u00e5 att uppt\u00e4ckas, en plats d\u00e4r den or\u00f6rda naturen bjuder in till uppt\u00e4cktsf\u00e4rd och \u00e4ventyr f\u00f6r hela familjen.\u201d<\/p>\n","protected":false},"author":11,"featured_media":0,"parent":0,"menu_order":0,"comment_status":"closed","ping_status":"open","template":"page-templates\/municipality.php","meta":{"_acf_changed":false,"footnotes":""},"class_list":["post-194","page","type-page","status-publish","hentry"],"acf":[],"lang":"sv","translations":{"sv":194,"en":1138},"pll_sync_post":[],"_links":{"self":[{"href":"https:\/\/www.visitvarmland.com\/torsby\/wp-json\/wp\/v2\/pages\/194","targetHints":{"allow":["GET"]}}],"collection":[{"href":"https:\/\/www.visitvarmland.com\/torsby\/wp-json\/wp\/v2\/pages"}],"about":[{"href":"https:\/\/www.visitvarmland.com\/torsby\/wp-json\/wp\/v2\/types\/page"}],"author":[{"embeddable":true,"href":"https:\/\/www.visitvarmland.com\/torsby\/wp-json\/wp\/v2\/users\/11"}],"replies":[{"embeddable":true,"href":"https:\/\/www.visitvarmland.com\/torsby\/wp-json\/wp\/v2\/comments?post=194"}],"version-history":[{"count":10,"href":"https:\/\/www.visitvarmland.com\/torsby\/wp-json\/wp\/v2\/pages\/194\/revisions"}],"predecessor-version":[{"id":1568,"href":"https:\/\/www.visitvarmland.com\/torsby\/wp-json\/wp\/v2\/pages\/194\/revisions\/1568"}],"wp:attachment":[{"href":"https:\/\/www.visitvarmland.com\/torsby\/wp-json\/wp\/v2\/media?parent=194"}],"curies":[{"name":"wp","href":"https:\/\/api.w.org\/{rel}","templated":true}]}}